{"id":4024,"date":"2025-10-25T16:07:47","date_gmt":"2025-10-25T15:07:47","guid":{"rendered":"https:\/\/shop.pirikos.pt\/loja\/?post_type=product&#038;p=4024"},"modified":"2025-10-25T16:34:32","modified_gmt":"2025-10-25T15:34:32","slug":"cortador-arvore-de-natal-gigante","status":"publish","type":"product","link":"https:\/\/shop.pirikos.pt\/loja\/produto\/cortador-arvore-de-natal-gigante\/","title":{"rendered":"Cortador \u00c1rvore de Natal gigante"},"content":{"rendered":"<ul>\n<li><span dir=\"auto\">Medidas: 19,8 cm<\/span><\/li>\n<li><span dir=\"auto\">Fabricado em a\u00e7o inoxid\u00e1vel<\/span><br \/>\n<span dir=\"auto\">F\u00e1cil de limpar e lav\u00e1vel<\/span><\/li>\n<\/ul>\n","protected":false},"excerpt":{"rendered":"<p>Medidas: 19,8 cm Fabricado em a\u00e7o inoxid\u00e1vel F\u00e1cil de limpar e lav\u00e1vel<\/p>\n","protected":false},"featured_media":4025,"comment_status":"closed","ping_status":"closed","template":"","meta":{"pagelayer_contact_templates":[],"_pagelayer_content":"","_themeisle_gutenberg_block_has_review":false},"product_brand":[],"product_cat":[179,259,23],"product_tag":[],"class_list":{"0":"post-4024","1":"product","2":"type-product","3":"status-publish","4":"has-post-thumbnail","6":"product_cat-cortadores-texturizadores-stenceis","7":"product_cat-natal","8":"product_cat-todos-os-artigos","10":"first","11":"instock","12":"shipping-taxable","13":"purchasable","14":"product-type-simple"},"jetpack_sharing_enabled":true,"_links":{"self":[{"href":"https:\/\/shop.pirikos.pt\/loja\/wp-json\/wp\/v2\/product\/4024","targetHints":{"allow":["GET"]}}],"collection":[{"href":"https:\/\/shop.pirikos.pt\/loja\/wp-json\/wp\/v2\/product"}],"about":[{"href":"https:\/\/shop.pirikos.pt\/loja\/wp-json\/wp\/v2\/types\/product"}],"replies":[{"embeddable":true,"href":"https:\/\/shop.pirikos.pt\/loja\/wp-json\/wp\/v2\/comments?post=4024"}],"version-history":[{"count":2,"href":"https:\/\/shop.pirikos.pt\/loja\/wp-json\/wp\/v2\/product\/4024\/revisions"}],"predecessor-version":[{"id":4027,"href":"https:\/\/shop.pirikos.pt\/loja\/wp-json\/wp\/v2\/product\/4024\/revisions\/4027"}],"wp:featuredmedia":[{"embeddable":true,"href":"https:\/\/shop.pirikos.pt\/loja\/wp-json\/wp\/v2\/media\/4025"}],"wp:attachment":[{"href":"https:\/\/shop.pirikos.pt\/loja\/wp-json\/wp\/v2\/media?parent=4024"}],"wp:term":[{"taxonomy":"product_brand","embeddable":true,"href":"https:\/\/shop.pirikos.pt\/loja\/wp-json\/wp\/v2\/product_brand?post=4024"},{"taxonomy":"product_cat","embeddable":true,"href":"https:\/\/shop.pirikos.pt\/loja\/wp-json\/wp\/v2\/product_cat?post=4024"},{"taxonomy":"product_tag","embeddable":true,"href":"https:\/\/shop.pirikos.pt\/loja\/wp-json\/wp\/v2\/product_tag?post=4024"}],"curies":[{"name":"wp","href":"https:\/\/api.w.org\/{rel}","templated":true}]}}