{"id":3941,"date":"2025-10-18T12:32:28","date_gmt":"2025-10-18T11:32:28","guid":{"rendered":"https:\/\/shop.pirikos.pt\/loja\/?post_type=product&#038;p=3941"},"modified":"2025-10-18T12:34:53","modified_gmt":"2025-10-18T11:34:53","slug":"cortador-palmeira-68cm","status":"publish","type":"product","link":"https:\/\/shop.pirikos.pt\/loja\/produto\/cortador-palmeira-68cm\/","title":{"rendered":"cortador Palmeira 6,8cm"},"content":{"rendered":"<ul>\n<li><span dir=\"auto\">Medidas: 6,8 cm<\/span><\/li>\n<li><span dir=\"auto\">Fabricado em a\u00e7o inoxid\u00e1vel<\/span><br \/>\n<span dir=\"auto\">F\u00e1cil de limpar e lav\u00e1vel<\/span><\/li>\n<\/ul>\n","protected":false},"excerpt":{"rendered":"<p>Medidas: 6,8 cm Fabricado em a\u00e7o inoxid\u00e1vel F\u00e1cil de limpar e lav\u00e1vel<\/p>\n","protected":false},"featured_media":3943,"comment_status":"closed","ping_status":"closed","template":"","meta":{"pagelayer_contact_templates":[],"_pagelayer_content":"","_themeisle_gutenberg_block_has_review":false},"product_brand":[],"product_cat":[179,294,23,245],"product_tag":[],"class_list":{"0":"post-3941","1":"product","2":"type-product","3":"status-publish","4":"has-post-thumbnail","6":"product_cat-cortadores-texturizadores-stenceis","7":"product_cat-stitch","8":"product_cat-todos-os-artigos","9":"product_cat-tropical","11":"first","12":"instock","13":"shipping-taxable","14":"purchasable","15":"product-type-simple"},"jetpack_sharing_enabled":true,"_links":{"self":[{"href":"https:\/\/shop.pirikos.pt\/loja\/wp-json\/wp\/v2\/product\/3941","targetHints":{"allow":["GET"]}}],"collection":[{"href":"https:\/\/shop.pirikos.pt\/loja\/wp-json\/wp\/v2\/product"}],"about":[{"href":"https:\/\/shop.pirikos.pt\/loja\/wp-json\/wp\/v2\/types\/product"}],"replies":[{"embeddable":true,"href":"https:\/\/shop.pirikos.pt\/loja\/wp-json\/wp\/v2\/comments?post=3941"}],"version-history":[{"count":1,"href":"https:\/\/shop.pirikos.pt\/loja\/wp-json\/wp\/v2\/product\/3941\/revisions"}],"predecessor-version":[{"id":3944,"href":"https:\/\/shop.pirikos.pt\/loja\/wp-json\/wp\/v2\/product\/3941\/revisions\/3944"}],"wp:featuredmedia":[{"embeddable":true,"href":"https:\/\/shop.pirikos.pt\/loja\/wp-json\/wp\/v2\/media\/3943"}],"wp:attachment":[{"href":"https:\/\/shop.pirikos.pt\/loja\/wp-json\/wp\/v2\/media?parent=3941"}],"wp:term":[{"taxonomy":"product_brand","embeddable":true,"href":"https:\/\/shop.pirikos.pt\/loja\/wp-json\/wp\/v2\/product_brand?post=3941"},{"taxonomy":"product_cat","embeddable":true,"href":"https:\/\/shop.pirikos.pt\/loja\/wp-json\/wp\/v2\/product_cat?post=3941"},{"taxonomy":"product_tag","embeddable":true,"href":"https:\/\/shop.pirikos.pt\/loja\/wp-json\/wp\/v2\/product_tag?post=3941"}],"curies":[{"name":"wp","href":"https:\/\/api.w.org\/{rel}","templated":true}]}}