{"id":3127,"date":"2025-07-10T16:23:37","date_gmt":"2025-07-10T15:23:37","guid":{"rendered":"https:\/\/shop.pirikos.pt\/loja\/?post_type=product&#038;p=3127"},"modified":"2025-07-10T16:23:38","modified_gmt":"2025-07-10T15:23:38","slug":"6-folhas-monstera","status":"publish","type":"product","link":"https:\/\/shop.pirikos.pt\/loja\/produto\/6-folhas-monstera\/","title":{"rendered":"6 folhas monstera"},"content":{"rendered":"<p>6 folhas monstera, ideais para marcadores e mesa, bases de copos ou decora\u00e7\u00e3o, nomeadamente em arcos de bal\u00f5es<\/p>\n<p>dimens\u00f5es: <strong>14.5 x 11 cm.<\/strong><\/p>\n","protected":false},"excerpt":{"rendered":"<p>6 folhas monstera, ideais para marcadores e mesa, bases de copos ou decora\u00e7\u00e3o, nomeadamente em arcos de bal\u00f5es dimens\u00f5es: 14.5 x 11 cm.<\/p>\n","protected":false},"featured_media":3132,"comment_status":"closed","ping_status":"closed","template":"","meta":{"pagelayer_contact_templates":[],"_pagelayer_content":"","_themeisle_gutenberg_block_has_review":false},"product_brand":[],"product_cat":[233,23,245,283],"product_tag":[],"class_list":{"0":"post-3127","1":"product","2":"type-product","3":"status-publish","4":"has-post-thumbnail","6":"product_cat-outras-decoracoes","7":"product_cat-todos-os-artigos","8":"product_cat-tropical","9":"product_cat-verde","11":"first","12":"instock","13":"shipping-taxable","14":"purchasable","15":"product-type-simple"},"jetpack_sharing_enabled":true,"_links":{"self":[{"href":"https:\/\/shop.pirikos.pt\/loja\/wp-json\/wp\/v2\/product\/3127","targetHints":{"allow":["GET"]}}],"collection":[{"href":"https:\/\/shop.pirikos.pt\/loja\/wp-json\/wp\/v2\/product"}],"about":[{"href":"https:\/\/shop.pirikos.pt\/loja\/wp-json\/wp\/v2\/types\/product"}],"replies":[{"embeddable":true,"href":"https:\/\/shop.pirikos.pt\/loja\/wp-json\/wp\/v2\/comments?post=3127"}],"version-history":[{"count":1,"href":"https:\/\/shop.pirikos.pt\/loja\/wp-json\/wp\/v2\/product\/3127\/revisions"}],"predecessor-version":[{"id":3134,"href":"https:\/\/shop.pirikos.pt\/loja\/wp-json\/wp\/v2\/product\/3127\/revisions\/3134"}],"wp:featuredmedia":[{"embeddable":true,"href":"https:\/\/shop.pirikos.pt\/loja\/wp-json\/wp\/v2\/media\/3132"}],"wp:attachment":[{"href":"https:\/\/shop.pirikos.pt\/loja\/wp-json\/wp\/v2\/media?parent=3127"}],"wp:term":[{"taxonomy":"product_brand","embeddable":true,"href":"https:\/\/shop.pirikos.pt\/loja\/wp-json\/wp\/v2\/product_brand?post=3127"},{"taxonomy":"product_cat","embeddable":true,"href":"https:\/\/shop.pirikos.pt\/loja\/wp-json\/wp\/v2\/product_cat?post=3127"},{"taxonomy":"product_tag","embeddable":true,"href":"https:\/\/shop.pirikos.pt\/loja\/wp-json\/wp\/v2\/product_tag?post=3127"}],"curies":[{"name":"wp","href":"https:\/\/api.w.org\/{rel}","templated":true}]}}