{"id":1990,"date":"2025-07-07T19:35:58","date_gmt":"2025-07-07T18:35:58","guid":{"rendered":"https:\/\/shop.pirikos.pt\/loja\/?post_type=product&#038;p=1990"},"modified":"2025-07-09T16:50:30","modified_gmt":"2025-07-09T15:50:30","slug":"velas-numero-azul-menta","status":"publish","type":"product","link":"https:\/\/shop.pirikos.pt\/loja\/produto\/velas-numero-azul-menta\/","title":{"rendered":"Velas N\u00famero Azul Menta"},"content":{"rendered":"<p>Vela de anivers\u00e1rio n\u00famero na cor azul menta, tamanho aprox. 5,5 cm<\/p>\n","protected":false},"excerpt":{"rendered":"<p>Vela de anivers\u00e1rio n\u00famero na cor azul menta, tamanho aprox. 5,5 cm<\/p>\n","protected":false},"featured_media":2002,"comment_status":"closed","ping_status":"closed","template":"","meta":{"pagelayer_contact_templates":[],"_pagelayer_content":"","_themeisle_gutenberg_block_has_review":false},"product_brand":[],"product_cat":[277,281,219,23],"product_tag":[],"class_list":{"0":"post-1990","1":"product","2":"type-product","3":"status-publish","4":"has-post-thumbnail","6":"product_cat-azul","7":"product_cat-menta","8":"product_cat-numeros-velas","9":"product_cat-todos-os-artigos","11":"first","12":"instock","13":"shipping-taxable","14":"purchasable","15":"product-type-variable"},"jetpack_sharing_enabled":true,"_links":{"self":[{"href":"https:\/\/shop.pirikos.pt\/loja\/wp-json\/wp\/v2\/product\/1990","targetHints":{"allow":["GET"]}}],"collection":[{"href":"https:\/\/shop.pirikos.pt\/loja\/wp-json\/wp\/v2\/product"}],"about":[{"href":"https:\/\/shop.pirikos.pt\/loja\/wp-json\/wp\/v2\/types\/product"}],"replies":[{"embeddable":true,"href":"https:\/\/shop.pirikos.pt\/loja\/wp-json\/wp\/v2\/comments?post=1990"}],"version-history":[{"count":1,"href":"https:\/\/shop.pirikos.pt\/loja\/wp-json\/wp\/v2\/product\/1990\/revisions"}],"predecessor-version":[{"id":2011,"href":"https:\/\/shop.pirikos.pt\/loja\/wp-json\/wp\/v2\/product\/1990\/revisions\/2011"}],"wp:featuredmedia":[{"embeddable":true,"href":"https:\/\/shop.pirikos.pt\/loja\/wp-json\/wp\/v2\/media\/2002"}],"wp:attachment":[{"href":"https:\/\/shop.pirikos.pt\/loja\/wp-json\/wp\/v2\/media?parent=1990"}],"wp:term":[{"taxonomy":"product_brand","embeddable":true,"href":"https:\/\/shop.pirikos.pt\/loja\/wp-json\/wp\/v2\/product_brand?post=1990"},{"taxonomy":"product_cat","embeddable":true,"href":"https:\/\/shop.pirikos.pt\/loja\/wp-json\/wp\/v2\/product_cat?post=1990"},{"taxonomy":"product_tag","embeddable":true,"href":"https:\/\/shop.pirikos.pt\/loja\/wp-json\/wp\/v2\/product_tag?post=1990"}],"curies":[{"name":"wp","href":"https:\/\/api.w.org\/{rel}","templated":true}]}}